{"id":57531,"date":"2017-09-19T13:26:05","date_gmt":"2017-09-19T11:26:05","guid":{"rendered":"https:\/\/www.slow-watches.com\/?page_id=57531\/"},"modified":"2019-05-28T08:04:58","modified_gmt":"2019-05-28T06:04:58","slug":"bracelets","status":"publish","type":"page","link":"https:\/\/www.gloniuz.com\/fr\/bracelets\/","title":{"rendered":"Bracelets"},"content":{"rendered":"<div class=\"product-cat-bands\">\n<div class=\"row\">\n<div class=\"col-sm-12\">\n<h2 style=\"text-align: center;\">QUE DIRIEZ-VOUS D\u2019UNE BRACELET SUPPL\u00c9MENTAIRE?<\/h2>\n<p style=\"text-align: center;\">Et si vous avez d\u00e9j\u00e0 la <b>slow<\/b> de votre choix, pourquoi ne pas la combiner avec diff\u00e9rents bracelets ?<\/p>\n<p style=\"text-align: center;\">Nous livrons un petit outil avec chaque bracelet de rechange qui vous permet de le changer vous-m\u00eame. Vous pouvez cr\u00e9er ainsi deux montres slow avec une seule ! Choisissez les bracelets plus fins pour Mo et la version de 22 mm pour Jo et O.<\/p>\n<\/p><\/div>\n<\/p><\/div>\n<div class=\"row\">\n<div class=\"col-sm-4\">\n<div class=\"inner\">\n<h2><a href=\"\/fr\/the-store-category\/slow-jo-bands-22mm-fr\/\">Slow Jo \u2013 Bands (22 mm)<\/a><\/h2>\n<p>\t\t\t<a href=\"\/fr\/the-store-category\/slow-jo-bands-22mm-fr\/\" target=\"_self\"><img decoding=\"async\" src=\"\/wp-content\/uploads\/2016\/03\/slow_jo_band-200x210.png\" class=\"img-responsive\" alt=\"\"><\/a><\/p>\n<p><a href=\"\/fr\/the-store-category\/slow-jo-bands-22mm-fr\/\" class=\"btn\">ACC\u00c8S \u00c0 LA BOUTIQUE<\/a><\/p>\n<\/p><\/div>\n<\/div>\n<div class=\"col-sm-4\">\n<div class=\"inner\">\n<h2><a href=\"\/fr\/the-store-category\/slow-mo-bands-20mm-fr\/\">Slow Mo\/Round \u2013 Bands (20 mm)<\/a><\/h2>\n<p>\t\t\t<a href=\"\/fr\/the-store-category\/slow-mo-bands-20mm-fr\/\" target=\"_self\"><img decoding=\"async\" src=\"\/wp-content\/uploads\/2016\/03\/slow_mo_band-200x210.png\" class=\"img-responsive\" alt=\"\"><\/a><\/p>\n<p><a href=\"\/fr\/the-store-category\/slow-mo-bands-20mm-fr\/\" class=\"btn\">ACC\u00c8S \u00c0 LA BOUTIQUE<\/a><\/p>\n<\/p><\/div>\n<\/div>\n<div class=\"col-sm-4\">\n<div class=\"inner\">\n<h2><a href=\"\/fr\/the-store-category\/slow-o-bands-22mm-fr\/\">Slow O \u2013 Bands (22 mm)<\/a><\/h2>\n<p>\t\t\t<a href=\"\/fr\/the-store-category\/slow-o-bands-22mm-fr\/\" target=\"_self\"><img decoding=\"async\" src=\"\/wp-content\/uploads\/2016\/03\/slow_o_band-200x210.png\" class=\"img-responsive\" alt=\"\"><\/a><\/p>\n<p><a href=\"\/fr\/the-store-category\/slow-o-bands-22mm-fr\/\" class=\"btn\">ACC\u00c8S \u00c0 LA BOUTIQUE<\/a><\/p>\n<\/p><\/div>\n<\/div><\/div>\n<\/div>\n<div class=\"row\">\n<div class=\"col-sm-12\">\n<h2 style=\"text-align: center;\">COMMENT ECHANGER LES BRACELETS<\/h2>\n<p>&nbsp;<\/p>\n<div class=\"video_wrapper\">\n<div class=\"brlbs-cmpnt-container brlbs-cmpnt-content-blocker brlbs-cmpnt-with-individual-styles\" data-borlabs-cookie-content-blocker-id=\"youtube-content-blocker\" data-borlabs-cookie-content=\"PGlmcmFtZSBzcmM9Imh0dHBzOi8vd3d3LnlvdXR1YmUtbm9jb29raWUuY29tL2VtYmVkL0Z1QkJCQmwzM0w0P3JlbD0wIiBhbGxvd2Z1bGxzY3JlZW49IiIgd2lkdGg9IjUwMCIgaGVpZ2h0PSIyODEiIGZyYW1lYm9yZGVyPSIwIj48L2lmcmFtZT4=\">\n<div class=\"brlbs-cmpnt-cb-preset-c brlbs-cmpnt-cb-youtube\">\n<div class=\"brlbs-cmpnt-cb-thumbnail\" style=\"background-image: url('https:\/\/www.gloniuz.com\/wp-content\/uploads\/borlabs-cookie\/1\/yt_FuBBBBl33L4_hqdefault.jpg')\"><\/div>\n<div class=\"brlbs-cmpnt-cb-main\">\n<div class=\"brlbs-cmpnt-cb-play-button\"><\/div>\n<div class=\"brlbs-cmpnt-cb-content\">\n<p class=\"brlbs-cmpnt-cb-description\">Vous \u00eates actuellement en train de consulter le contenu d&rsquo;un espace r\u00e9serv\u00e9 de <strong>YouTube<\/strong>. Pour acc\u00e9der au contenu r\u00e9el, cliquez sur le bouton ci-dessous. Veuillez noter que ce faisant, des donn\u00e9es seront partag\u00e9es avec des providers tiers.<\/p>\n<p> <a class=\"brlbs-cmpnt-cb-provider-toggle\" href=\"#\" data-borlabs-cookie-show-provider-information role=\"button\">Plus d&rsquo;informations<\/a> <\/div>\n<div class=\"brlbs-cmpnt-cb-buttons\"> <a class=\"brlbs-cmpnt-cb-btn\" href=\"#\" data-borlabs-cookie-unblock role=\"button\">D\u00e9bloquer le contenu<\/a> <a class=\"brlbs-cmpnt-cb-btn\" href=\"#\" data-borlabs-cookie-accept-service role=\"button\" style=\"display: inherit\">Accepter le service requis et d\u00e9bloquer les contenus<\/a> <\/div>\n<\/p><\/div>\n<\/p><\/div>\n<\/div>\n<\/div>\n<p>&nbsp;<\/p>\n<\/div>\n<\/div>\n","protected":false},"excerpt":{"rendered":"<p>QUE DIRIEZ-VOUS D\u2019UNE BRACELET SUPPL\u00c9MENTAIRE? Et si vous avez d\u00e9j\u00e0 la slow de votre choix, pourquoi ne pas la combiner avec diff\u00e9rents bracelets ? Nous livrons un petit outil avec&#8230;<\/p>\n","protected":false},"author":1,"featured_media":0,"parent":0,"menu_order":0,"comment_status":"closed","ping_status":"closed","template":"","meta":{"_acf_changed":false,"footnotes":""},"class_list":["post-57531","page","type-page","status-publish","hentry"],"acf":[],"yoast_head":"<!-- This site is optimized with the Yoast SEO Premium plugin v27.5 (Yoast SEO v27.5) - https:\/\/yoast.com\/product\/yoast-seo-premium-wordpress\/ -->\n<title>Bracelets - slow watches<\/title>\n<meta name=\"robots\" content=\"index, follow, max-snippet:-1, max-image-preview:large, max-video-preview:-1\" \/>\n<link rel=\"canonical\" href=\"https:\/\/www.gloniuz.com\/fr\/bracelets\/\" \/>\n<meta property=\"og:locale\" content=\"fr_FR\" \/>\n<meta property=\"og:type\" content=\"article\" \/>\n<meta property=\"og:title\" content=\"Bracelets\" \/>\n<meta property=\"og:description\" content=\"QUE DIRIEZ-VOUS D\u2019UNE BRACELET SUPPL\u00c9MENTAIRE? Et si vous avez d\u00e9j\u00e0 la slow de votre choix, pourquoi ne pas la combiner avec diff\u00e9rents bracelets ? Nous livrons un petit outil avec...\" \/>\n<meta property=\"og:url\" content=\"https:\/\/www.gloniuz.com\/fr\/bracelets\/\" \/>\n<meta property=\"og:site_name\" content=\"slow watches\" \/>\n<meta property=\"article:publisher\" content=\"https:\/\/www.facebook.com\/theslowwatch\/\" \/>\n<meta property=\"article:modified_time\" content=\"2019-05-28T06:04:58+00:00\" \/>\n<meta property=\"og:image\" content=\"https:\/\/www.gloniuz.com\/wp-content\/uploads\/2016\/03\/slow_jo_band-200x210.png\" \/>\n<meta name=\"twitter:card\" content=\"summary_large_image\" \/>\n<meta name=\"twitter:site\" content=\"@theslowwatch\" \/>\n<meta name=\"twitter:label1\" content=\"Dur\u00e9e de lecture estim\u00e9e\" \/>\n\t<meta name=\"twitter:data1\" content=\"1 minute\" \/>\n<script type=\"application\/ld+json\" class=\"yoast-schema-graph\">{\"@context\":\"https:\\\/\\\/schema.org\",\"@graph\":[{\"@type\":\"WebPage\",\"@id\":\"https:\\\/\\\/www.gloniuz.com\\\/fr\\\/bracelets\\\/\",\"url\":\"https:\\\/\\\/www.gloniuz.com\\\/fr\\\/bracelets\\\/\",\"name\":\"Bracelets - slow watches\",\"isPartOf\":{\"@id\":\"https:\\\/\\\/fr.slow-watches.com\\\/fr\\\/#website\"},\"datePublished\":\"2017-09-19T11:26:05+00:00\",\"dateModified\":\"2019-05-28T06:04:58+00:00\",\"breadcrumb\":{\"@id\":\"https:\\\/\\\/www.gloniuz.com\\\/fr\\\/bracelets\\\/#breadcrumb\"},\"inLanguage\":\"fr-FR\",\"potentialAction\":[{\"@type\":\"ReadAction\",\"target\":[\"https:\\\/\\\/www.gloniuz.com\\\/fr\\\/bracelets\\\/\"]}]},{\"@type\":\"BreadcrumbList\",\"@id\":\"https:\\\/\\\/www.gloniuz.com\\\/fr\\\/bracelets\\\/#breadcrumb\",\"itemListElement\":[{\"@type\":\"ListItem\",\"position\":1,\"name\":\"Home\",\"item\":\"https:\\\/\\\/de.slow-watches.com\\\/fr\\\/\"},{\"@type\":\"ListItem\",\"position\":2,\"name\":\"Bracelets\"}]},{\"@type\":\"WebSite\",\"@id\":\"https:\\\/\\\/fr.slow-watches.com\\\/fr\\\/#website\",\"url\":\"https:\\\/\\\/fr.slow-watches.com\\\/fr\\\/\",\"name\":\"slow watches\",\"description\":\"\",\"potentialAction\":[{\"@type\":\"SearchAction\",\"target\":{\"@type\":\"EntryPoint\",\"urlTemplate\":\"https:\\\/\\\/fr.slow-watches.com\\\/fr\\\/?s={search_term_string}\"},\"query-input\":{\"@type\":\"PropertyValueSpecification\",\"valueRequired\":true,\"valueName\":\"search_term_string\"}}],\"inLanguage\":\"fr-FR\"}]}<\/script>\n<!-- \/ Yoast SEO Premium plugin. -->","yoast_head_json":{"title":"Bracelets - slow watches","robots":{"index":"index","follow":"follow","max-snippet":"max-snippet:-1","max-image-preview":"max-image-preview:large","max-video-preview":"max-video-preview:-1"},"canonical":"https:\/\/www.gloniuz.com\/fr\/bracelets\/","og_locale":"fr_FR","og_type":"article","og_title":"Bracelets","og_description":"QUE DIRIEZ-VOUS D\u2019UNE BRACELET SUPPL\u00c9MENTAIRE? Et si vous avez d\u00e9j\u00e0 la slow de votre choix, pourquoi ne pas la combiner avec diff\u00e9rents bracelets ? Nous livrons un petit outil avec...","og_url":"https:\/\/www.gloniuz.com\/fr\/bracelets\/","og_site_name":"slow watches","article_publisher":"https:\/\/www.facebook.com\/theslowwatch\/","article_modified_time":"2019-05-28T06:04:58+00:00","og_image":[{"url":"https:\/\/www.gloniuz.com\/wp-content\/uploads\/2016\/03\/slow_jo_band-200x210.png","type":"","width":"","height":""}],"twitter_card":"summary_large_image","twitter_site":"@theslowwatch","twitter_misc":{"Dur\u00e9e de lecture estim\u00e9e":"1 minute"},"schema":{"@context":"https:\/\/schema.org","@graph":[{"@type":"WebPage","@id":"https:\/\/www.gloniuz.com\/fr\/bracelets\/","url":"https:\/\/www.gloniuz.com\/fr\/bracelets\/","name":"Bracelets - slow watches","isPartOf":{"@id":"https:\/\/fr.slow-watches.com\/fr\/#website"},"datePublished":"2017-09-19T11:26:05+00:00","dateModified":"2019-05-28T06:04:58+00:00","breadcrumb":{"@id":"https:\/\/www.gloniuz.com\/fr\/bracelets\/#breadcrumb"},"inLanguage":"fr-FR","potentialAction":[{"@type":"ReadAction","target":["https:\/\/www.gloniuz.com\/fr\/bracelets\/"]}]},{"@type":"BreadcrumbList","@id":"https:\/\/www.gloniuz.com\/fr\/bracelets\/#breadcrumb","itemListElement":[{"@type":"ListItem","position":1,"name":"Home","item":"https:\/\/de.slow-watches.com\/fr\/"},{"@type":"ListItem","position":2,"name":"Bracelets"}]},{"@type":"WebSite","@id":"https:\/\/fr.slow-watches.com\/fr\/#website","url":"https:\/\/fr.slow-watches.com\/fr\/","name":"slow watches","description":"","potentialAction":[{"@type":"SearchAction","target":{"@type":"EntryPoint","urlTemplate":"https:\/\/fr.slow-watches.com\/fr\/?s={search_term_string}"},"query-input":{"@type":"PropertyValueSpecification","valueRequired":true,"valueName":"search_term_string"}}],"inLanguage":"fr-FR"}]}},"_links":{"self":[{"href":"https:\/\/www.gloniuz.com\/fr\/wp-json\/wp\/v2\/pages\/57531","targetHints":{"allow":["GET"]}}],"collection":[{"href":"https:\/\/www.gloniuz.com\/fr\/wp-json\/wp\/v2\/pages"}],"about":[{"href":"https:\/\/www.gloniuz.com\/fr\/wp-json\/wp\/v2\/types\/page"}],"author":[{"embeddable":true,"href":"https:\/\/www.gloniuz.com\/fr\/wp-json\/wp\/v2\/users\/1"}],"replies":[{"embeddable":true,"href":"https:\/\/www.gloniuz.com\/fr\/wp-json\/wp\/v2\/comments?post=57531"}],"version-history":[{"count":0,"href":"https:\/\/www.gloniuz.com\/fr\/wp-json\/wp\/v2\/pages\/57531\/revisions"}],"wp:attachment":[{"href":"https:\/\/www.gloniuz.com\/fr\/wp-json\/wp\/v2\/media?parent=57531"}],"curies":[{"name":"wp","href":"https:\/\/api.w.org\/{rel}","templated":true}]}}