{"id":13433,"date":"2016-08-05T16:44:47","date_gmt":"2016-08-05T14:44:47","guid":{"rendered":"http:\/\/www.slow-watches.com\/the-store\/slow-jo-04-2.html"},"modified":"2026-04-06T20:24:07","modified_gmt":"2026-04-06T18:24:07","slug":"slow-jo-04-montre-24-heures-a-une-aiguille","status":"publish","type":"product","link":"https:\/\/www.gloniuz.com\/fr\/produit\/slow-jo-04-montre-24-heures-a-une-aiguille\/","title":{"rendered":"Slow Jo 04"},"content":{"rendered":"<p>Cette version dor\u00e9e est de loin la montre la plus extravagante de la collection. Elle peut sembler ne pas \u00eatre facile \u00e0 porter tous les jours, mais ce sera toujours un plaisir de l&rsquo;avoir au poignet. Recommand\u00e9e pour ceux qui peuvent se permettre un petit accessoire bling bling\u00a0!<\/p>\n<ul>\n<li>Fabriqu\u00e9e en Suisse, avec mouvement Quartz GMT<\/li>\n<li><span style=\"line-height: 1.5;\">\u00c9tanche \u00e0 100 m\u00e8tres<\/span><\/li>\n<li>Bo\u00eetier en acier inoxydable argent\u00e9 de 38 mm<\/li>\n<li>Bracelet m\u00e9tallique en acier inoxydable argent\u00e9 (la longueur peut s&rsquo;ajuster facilement dans toutes les horlogeries)<\/li>\n<\/ul>\n","protected":false},"excerpt":{"rendered":"<p>All Gold Steel<\/p>\n","protected":false},"featured_media":22952,"comment_status":"open","ping_status":"closed","template":"","meta":{"_acf_changed":false,"footnotes":""},"product_brand":[],"product_cat":[73],"product_tag":[],"class_list":{"0":"post-13433","1":"product","2":"type-product","3":"status-publish","4":"has-post-thumbnail","6":"product_cat-slow-jo-38mm-fr","8":"first","9":"instock","10":"taxable","11":"shipping-taxable","12":"purchasable","13":"product-type-simple"},"acf":[],"yoast_head":"<!-- This site is optimized with the Yoast SEO Premium plugin v27.5 (Yoast SEO v27.5) - https:\/\/yoast.com\/product\/yoast-seo-premium-wordpress\/ -->\n<title>Slow Jo 04 - slow watches<\/title>\n<meta name=\"robots\" content=\"index, follow, max-snippet:-1, max-image-preview:large, max-video-preview:-1\" \/>\n<link rel=\"canonical\" href=\"https:\/\/www.gloniuz.com\/fr\/produit\/slow-jo-04-montre-24-heures-a-une-aiguille\/\" \/>\n<meta property=\"og:locale\" content=\"fr_FR\" \/>\n<meta property=\"og:type\" content=\"article\" \/>\n<meta property=\"og:title\" content=\"Slow Jo 04\" \/>\n<meta property=\"og:description\" content=\"All Gold Steel\" \/>\n<meta property=\"og:url\" content=\"https:\/\/www.gloniuz.com\/fr\/produit\/slow-jo-04-montre-24-heures-a-une-aiguille\/\" \/>\n<meta property=\"og:site_name\" content=\"slow watches\" \/>\n<meta property=\"article:publisher\" content=\"https:\/\/www.facebook.com\/theslowwatch\/\" \/>\n<meta property=\"article:modified_time\" content=\"2026-04-06T18:24:07+00:00\" \/>\n<meta property=\"og:image\" content=\"https:\/\/fr.slow-watches.com\/wp-content\/uploads\/2016\/08\/slow-Jo-04-One-hand-wrist-watch-All-gold-steel-1.jpg\" \/>\n\t<meta property=\"og:image:width\" content=\"1000\" \/>\n\t<meta property=\"og:image:height\" content=\"1000\" \/>\n\t<meta property=\"og:image:type\" content=\"image\/jpeg\" \/>\n<meta name=\"twitter:card\" content=\"summary_large_image\" \/>\n<meta name=\"twitter:site\" content=\"@theslowwatch\" \/>\n<meta name=\"twitter:label1\" content=\"Prix\" \/>\n\t<meta name=\"twitter:data1\" content=\"&#036;320\" \/>\n\t<meta name=\"twitter:label2\" content=\"Disponibilit\u00e9\" \/>\n\t<meta name=\"twitter:data2\" content=\"Rupture de stock\" \/>\n<script type=\"application\/ld+json\" class=\"yoast-schema-graph\">{\"@context\":\"https:\\\/\\\/schema.org\",\"@graph\":[{\"@type\":\"WebPage\",\"@id\":\"https:\\\/\\\/www.gloniuz.com\\\/fr\\\/produit\\\/slow-jo-04-montre-24-heures-a-une-aiguille\\\/\",\"url\":\"https:\\\/\\\/www.gloniuz.com\\\/fr\\\/produit\\\/slow-jo-04-montre-24-heures-a-une-aiguille\\\/\",\"name\":\"Slow Jo 04 - slow watches\",\"isPartOf\":{\"@id\":\"https:\\\/\\\/fr.slow-watches.com\\\/fr\\\/#website\"},\"primaryImageOfPage\":{\"@id\":\"https:\\\/\\\/www.gloniuz.com\\\/fr\\\/produit\\\/slow-jo-04-montre-24-heures-a-une-aiguille\\\/#primaryimage\"},\"image\":{\"@id\":\"https:\\\/\\\/www.gloniuz.com\\\/fr\\\/produit\\\/slow-jo-04-montre-24-heures-a-une-aiguille\\\/#primaryimage\"},\"thumbnailUrl\":\"https:\\\/\\\/www.gloniuz.com\\\/wp-content\\\/uploads\\\/2016\\\/08\\\/slow-Jo-04-One-hand-wrist-watch-All-gold-steel-1-e1737110001171.jpg\",\"datePublished\":\"2016-08-05T14:44:47+00:00\",\"dateModified\":\"2026-04-06T18:24:07+00:00\",\"breadcrumb\":{\"@id\":\"https:\\\/\\\/www.gloniuz.com\\\/fr\\\/produit\\\/slow-jo-04-montre-24-heures-a-une-aiguille\\\/#breadcrumb\"},\"inLanguage\":\"fr-FR\",\"potentialAction\":[{\"@type\":\"ReadAction\",\"target\":[\"https:\\\/\\\/www.gloniuz.com\\\/fr\\\/produit\\\/slow-jo-04-montre-24-heures-a-une-aiguille\\\/\"]}]},{\"@type\":\"ImageObject\",\"inLanguage\":\"fr-FR\",\"@id\":\"https:\\\/\\\/www.gloniuz.com\\\/fr\\\/produit\\\/slow-jo-04-montre-24-heures-a-une-aiguille\\\/#primaryimage\",\"url\":\"https:\\\/\\\/www.gloniuz.com\\\/wp-content\\\/uploads\\\/2016\\\/08\\\/slow-Jo-04-One-hand-wrist-watch-All-gold-steel-1-e1737110001171.jpg\",\"contentUrl\":\"https:\\\/\\\/www.gloniuz.com\\\/wp-content\\\/uploads\\\/2016\\\/08\\\/slow-Jo-04-One-hand-wrist-watch-All-gold-steel-1-e1737110001171.jpg\",\"width\":1000,\"height\":1000},{\"@type\":\"BreadcrumbList\",\"@id\":\"https:\\\/\\\/www.gloniuz.com\\\/fr\\\/produit\\\/slow-jo-04-montre-24-heures-a-une-aiguille\\\/#breadcrumb\",\"itemListElement\":[{\"@type\":\"ListItem\",\"position\":1,\"name\":\"Home\",\"item\":\"https:\\\/\\\/de.slow-watches.com\\\/fr\\\/\"},{\"@type\":\"ListItem\",\"position\":2,\"name\":\"Produits\",\"item\":\"https:\\\/\\\/www.slow-watches.com\\\/shop\\\/\"},{\"@type\":\"ListItem\",\"position\":3,\"name\":\"Slow Jo 04\"}]},{\"@type\":\"WebSite\",\"@id\":\"https:\\\/\\\/fr.slow-watches.com\\\/fr\\\/#website\",\"url\":\"https:\\\/\\\/fr.slow-watches.com\\\/fr\\\/\",\"name\":\"slow watches\",\"description\":\"\",\"potentialAction\":[{\"@type\":\"SearchAction\",\"target\":{\"@type\":\"EntryPoint\",\"urlTemplate\":\"https:\\\/\\\/fr.slow-watches.com\\\/fr\\\/?s={search_term_string}\"},\"query-input\":{\"@type\":\"PropertyValueSpecification\",\"valueRequired\":true,\"valueName\":\"search_term_string\"}}],\"inLanguage\":\"fr-FR\"}]}<\/script>\n<meta property=\"product:price:amount\" content=\"320.00\" \/>\n<meta property=\"product:price:currency\" content=\"USD\" \/>\n<meta property=\"og:availability\" content=\"out of stock\" \/>\n<meta property=\"product:availability\" content=\"out of stock\" \/>\n<meta property=\"product:retailer_item_id\" content=\"8009600005035\" \/>\n<meta property=\"product:condition\" content=\"new\" \/>\n<!-- \/ Yoast SEO Premium plugin. -->","yoast_head_json":{"title":"Slow Jo 04 - slow watches","robots":{"index":"index","follow":"follow","max-snippet":"max-snippet:-1","max-image-preview":"max-image-preview:large","max-video-preview":"max-video-preview:-1"},"canonical":"https:\/\/www.gloniuz.com\/fr\/produit\/slow-jo-04-montre-24-heures-a-une-aiguille\/","og_locale":"fr_FR","og_type":"article","og_title":"Slow Jo 04","og_description":"All Gold Steel","og_url":"https:\/\/www.gloniuz.com\/fr\/produit\/slow-jo-04-montre-24-heures-a-une-aiguille\/","og_site_name":"slow watches","article_publisher":"https:\/\/www.facebook.com\/theslowwatch\/","article_modified_time":"2026-04-06T18:24:07+00:00","og_image":[{"width":1000,"height":1000,"url":"https:\/\/fr.slow-watches.com\/wp-content\/uploads\/2016\/08\/slow-Jo-04-One-hand-wrist-watch-All-gold-steel-1.jpg","type":"image\/jpeg"}],"twitter_card":"summary_large_image","twitter_site":"@theslowwatch","twitter_misc":{"Prix":"&#36;320","Disponibilit\u00e9":"Rupture de stock"},"schema":{"@context":"https:\/\/schema.org","@graph":[{"@type":"WebPage","@id":"https:\/\/www.gloniuz.com\/fr\/produit\/slow-jo-04-montre-24-heures-a-une-aiguille\/","url":"https:\/\/www.gloniuz.com\/fr\/produit\/slow-jo-04-montre-24-heures-a-une-aiguille\/","name":"Slow Jo 04 - slow watches","isPartOf":{"@id":"https:\/\/fr.slow-watches.com\/fr\/#website"},"primaryImageOfPage":{"@id":"https:\/\/www.gloniuz.com\/fr\/produit\/slow-jo-04-montre-24-heures-a-une-aiguille\/#primaryimage"},"image":{"@id":"https:\/\/www.gloniuz.com\/fr\/produit\/slow-jo-04-montre-24-heures-a-une-aiguille\/#primaryimage"},"thumbnailUrl":"https:\/\/www.gloniuz.com\/wp-content\/uploads\/2016\/08\/slow-Jo-04-One-hand-wrist-watch-All-gold-steel-1-e1737110001171.jpg","datePublished":"2016-08-05T14:44:47+00:00","dateModified":"2026-04-06T18:24:07+00:00","breadcrumb":{"@id":"https:\/\/www.gloniuz.com\/fr\/produit\/slow-jo-04-montre-24-heures-a-une-aiguille\/#breadcrumb"},"inLanguage":"fr-FR","potentialAction":[{"@type":"ReadAction","target":["https:\/\/www.gloniuz.com\/fr\/produit\/slow-jo-04-montre-24-heures-a-une-aiguille\/"]}]},{"@type":"ImageObject","inLanguage":"fr-FR","@id":"https:\/\/www.gloniuz.com\/fr\/produit\/slow-jo-04-montre-24-heures-a-une-aiguille\/#primaryimage","url":"https:\/\/www.gloniuz.com\/wp-content\/uploads\/2016\/08\/slow-Jo-04-One-hand-wrist-watch-All-gold-steel-1-e1737110001171.jpg","contentUrl":"https:\/\/www.gloniuz.com\/wp-content\/uploads\/2016\/08\/slow-Jo-04-One-hand-wrist-watch-All-gold-steel-1-e1737110001171.jpg","width":1000,"height":1000},{"@type":"BreadcrumbList","@id":"https:\/\/www.gloniuz.com\/fr\/produit\/slow-jo-04-montre-24-heures-a-une-aiguille\/#breadcrumb","itemListElement":[{"@type":"ListItem","position":1,"name":"Home","item":"https:\/\/de.slow-watches.com\/fr\/"},{"@type":"ListItem","position":2,"name":"Produits","item":"https:\/\/www.slow-watches.com\/shop\/"},{"@type":"ListItem","position":3,"name":"Slow Jo 04"}]},{"@type":"WebSite","@id":"https:\/\/fr.slow-watches.com\/fr\/#website","url":"https:\/\/fr.slow-watches.com\/fr\/","name":"slow watches","description":"","potentialAction":[{"@type":"SearchAction","target":{"@type":"EntryPoint","urlTemplate":"https:\/\/fr.slow-watches.com\/fr\/?s={search_term_string}"},"query-input":{"@type":"PropertyValueSpecification","valueRequired":true,"valueName":"search_term_string"}}],"inLanguage":"fr-FR"}]},"product_price_amount":"320.00","product_price_currency":"USD","og_availability":"out of stock","product_availability":"out of stock","product_retailer_item_id":"8009600005035","product_condition":"new"},"_links":{"self":[{"href":"https:\/\/www.gloniuz.com\/fr\/wp-json\/wp\/v2\/product\/13433","targetHints":{"allow":["GET"]}}],"collection":[{"href":"https:\/\/www.gloniuz.com\/fr\/wp-json\/wp\/v2\/product"}],"about":[{"href":"https:\/\/www.gloniuz.com\/fr\/wp-json\/wp\/v2\/types\/product"}],"replies":[{"embeddable":true,"href":"https:\/\/www.gloniuz.com\/fr\/wp-json\/wp\/v2\/comments?post=13433"}],"version-history":[{"count":0,"href":"https:\/\/www.gloniuz.com\/fr\/wp-json\/wp\/v2\/product\/13433\/revisions"}],"wp:featuredmedia":[{"embeddable":true,"href":"https:\/\/www.gloniuz.com\/fr\/wp-json\/wp\/v2\/media\/22952"}],"wp:attachment":[{"href":"https:\/\/www.gloniuz.com\/fr\/wp-json\/wp\/v2\/media?parent=13433"}],"wp:term":[{"taxonomy":"product_brand","embeddable":true,"href":"https:\/\/www.gloniuz.com\/fr\/wp-json\/wp\/v2\/product_brand?post=13433"},{"taxonomy":"product_cat","embeddable":true,"href":"https:\/\/www.gloniuz.com\/fr\/wp-json\/wp\/v2\/product_cat?post=13433"},{"taxonomy":"product_tag","embeddable":true,"href":"https:\/\/www.gloniuz.com\/fr\/wp-json\/wp\/v2\/product_tag?post=13433"}],"curies":[{"name":"wp","href":"https:\/\/api.w.org\/{rel}","templated":true}]}}