{"id":13445,"date":"2016-08-23T17:45:12","date_gmt":"2016-08-23T15:45:12","guid":{"rendered":"http:\/\/www.slow-watches.com\/the-store\/slow-band-2022.html"},"modified":"2024-05-19T11:39:13","modified_gmt":"2024-05-19T09:39:13","slug":"slow-band-2022","status":"publish","type":"product","link":"https:\/\/www.gloniuz.com\/fr\/produit\/slow-band-2022\/","title":{"rendered":"slow band 20\/22"},"content":{"rendered":"<p>Des rayures jaunes ensoleill\u00e9es sur un bracelet en nylon sportif : l&rsquo;accessoire id\u00e9al pour accompagner votre Slow Mo cadran argent au meilleur moment de l&rsquo;ann\u00e9e. \u00catre slow devient encore plus fun!<\/p>\n<ul>\n<li>Courroie robuste en nylon avec boucle et brides en acier inoxydable argent\u00e9<\/li>\n<li>20 mm de largeur<\/li>\n<li>le bracelet convient aux poignets entre 135 et\u00a0195 mm de tour de poignet.<\/li>\n<li>Se marie parfaitement avec tous les bo\u00eetiers dor\u00e9 rose slow Jo.<\/li>\n<\/ul>\n","protected":false},"excerpt":{"rendered":"<p>Grey\/Yellow Nylon Band, Silver Buckle<\/p>\n","protected":false},"featured_media":12722,"comment_status":"open","ping_status":"closed","template":"","meta":{"_acf_changed":false,"footnotes":""},"product_brand":[],"product_cat":[76],"product_tag":[],"class_list":{"0":"post-13445","1":"product","2":"type-product","3":"status-publish","4":"has-post-thumbnail","6":"product_cat-slow-mo-bands-20mm-fr","8":"first","9":"instock","10":"taxable","11":"shipping-taxable","12":"purchasable","13":"product-type-simple"},"acf":[],"yoast_head":"<!-- This site is optimized with the Yoast SEO Premium plugin v27.5 (Yoast SEO v27.5) - https:\/\/yoast.com\/product\/yoast-seo-premium-wordpress\/ -->\n<title>slow band 20\/22 - slow watches<\/title>\n<meta name=\"robots\" content=\"index, follow, max-snippet:-1, max-image-preview:large, max-video-preview:-1\" \/>\n<link rel=\"canonical\" href=\"https:\/\/www.gloniuz.com\/fr\/produit\/slow-band-2022\/\" \/>\n<meta property=\"og:locale\" content=\"fr_FR\" \/>\n<meta property=\"og:type\" content=\"article\" \/>\n<meta property=\"og:title\" content=\"slow band 20\/22\" \/>\n<meta property=\"og:description\" content=\"Grey\/Yellow Nylon Band, Silver Buckle\" \/>\n<meta property=\"og:url\" content=\"https:\/\/www.gloniuz.com\/fr\/produit\/slow-band-2022\/\" \/>\n<meta property=\"og:site_name\" content=\"slow watches\" \/>\n<meta property=\"article:publisher\" content=\"https:\/\/www.facebook.com\/theslowwatch\/\" \/>\n<meta property=\"article:modified_time\" content=\"2024-05-19T09:39:13+00:00\" \/>\n<meta property=\"og:image\" content=\"https:\/\/www.slow-watches.com\/wp-content\/uploads\/2016\/08\/slow_band_20-22_-_grey_yellow_nylon_band_with_silver_buckle_-_1__1_2-1.jpg\" \/>\n\t<meta property=\"og:image:width\" content=\"896\" \/>\n\t<meta property=\"og:image:height\" content=\"896\" \/>\n\t<meta property=\"og:image:type\" content=\"image\/jpeg\" \/>\n<meta name=\"twitter:card\" content=\"summary_large_image\" \/>\n<meta name=\"twitter:site\" content=\"@theslowwatch\" \/>\n<meta name=\"twitter:label1\" content=\"Prix\" \/>\n\t<meta name=\"twitter:data1\" content=\"&#036;60\" \/>\n\t<meta name=\"twitter:label2\" content=\"Disponibilit\u00e9\" \/>\n\t<meta name=\"twitter:data2\" content=\"En stock\" \/>\n<script type=\"application\/ld+json\" class=\"yoast-schema-graph\">{\"@context\":\"https:\\\/\\\/schema.org\",\"@graph\":[{\"@type\":\"WebPage\",\"@id\":\"https:\\\/\\\/www.gloniuz.com\\\/fr\\\/produit\\\/slow-band-2022\\\/\",\"url\":\"https:\\\/\\\/www.gloniuz.com\\\/fr\\\/produit\\\/slow-band-2022\\\/\",\"name\":\"slow band 20\\\/22 - slow watches\",\"isPartOf\":{\"@id\":\"https:\\\/\\\/fr.slow-watches.com\\\/fr\\\/#website\"},\"primaryImageOfPage\":{\"@id\":\"https:\\\/\\\/www.gloniuz.com\\\/fr\\\/produit\\\/slow-band-2022\\\/#primaryimage\"},\"image\":{\"@id\":\"https:\\\/\\\/www.gloniuz.com\\\/fr\\\/produit\\\/slow-band-2022\\\/#primaryimage\"},\"thumbnailUrl\":\"https:\\\/\\\/www.gloniuz.com\\\/wp-content\\\/uploads\\\/2016\\\/08\\\/slow_band_20-22_-_grey_yellow_nylon_band_with_silver_buckle_-_1__1_2-1.jpg\",\"datePublished\":\"2016-08-23T15:45:12+00:00\",\"dateModified\":\"2024-05-19T09:39:13+00:00\",\"breadcrumb\":{\"@id\":\"https:\\\/\\\/www.gloniuz.com\\\/fr\\\/produit\\\/slow-band-2022\\\/#breadcrumb\"},\"inLanguage\":\"fr-FR\",\"potentialAction\":[{\"@type\":\"ReadAction\",\"target\":[\"https:\\\/\\\/www.gloniuz.com\\\/fr\\\/produit\\\/slow-band-2022\\\/\"]}]},{\"@type\":\"ImageObject\",\"inLanguage\":\"fr-FR\",\"@id\":\"https:\\\/\\\/www.gloniuz.com\\\/fr\\\/produit\\\/slow-band-2022\\\/#primaryimage\",\"url\":\"https:\\\/\\\/www.gloniuz.com\\\/wp-content\\\/uploads\\\/2016\\\/08\\\/slow_band_20-22_-_grey_yellow_nylon_band_with_silver_buckle_-_1__1_2-1.jpg\",\"contentUrl\":\"https:\\\/\\\/www.gloniuz.com\\\/wp-content\\\/uploads\\\/2016\\\/08\\\/slow_band_20-22_-_grey_yellow_nylon_band_with_silver_buckle_-_1__1_2-1.jpg\",\"width\":896,\"height\":896},{\"@type\":\"BreadcrumbList\",\"@id\":\"https:\\\/\\\/www.gloniuz.com\\\/fr\\\/produit\\\/slow-band-2022\\\/#breadcrumb\",\"itemListElement\":[{\"@type\":\"ListItem\",\"position\":1,\"name\":\"Home\",\"item\":\"https:\\\/\\\/de.slow-watches.com\\\/fr\\\/\"},{\"@type\":\"ListItem\",\"position\":2,\"name\":\"Produits\",\"item\":\"https:\\\/\\\/www.slow-watches.com\\\/shop\\\/\"},{\"@type\":\"ListItem\",\"position\":3,\"name\":\"slow band 20\\\/22\"}]},{\"@type\":\"WebSite\",\"@id\":\"https:\\\/\\\/fr.slow-watches.com\\\/fr\\\/#website\",\"url\":\"https:\\\/\\\/fr.slow-watches.com\\\/fr\\\/\",\"name\":\"slow watches\",\"description\":\"\",\"potentialAction\":[{\"@type\":\"SearchAction\",\"target\":{\"@type\":\"EntryPoint\",\"urlTemplate\":\"https:\\\/\\\/fr.slow-watches.com\\\/fr\\\/?s={search_term_string}\"},\"query-input\":{\"@type\":\"PropertyValueSpecification\",\"valueRequired\":true,\"valueName\":\"search_term_string\"}}],\"inLanguage\":\"fr-FR\"}]}<\/script>\n<meta property=\"product:price:amount\" content=\"60.00\" \/>\n<meta property=\"product:price:currency\" content=\"USD\" \/>\n<meta property=\"og:availability\" content=\"instock\" \/>\n<meta property=\"product:availability\" content=\"instock\" \/>\n<meta property=\"product:retailer_item_id\" content=\"8055002793889\" \/>\n<meta property=\"product:condition\" content=\"new\" \/>\n<!-- \/ Yoast SEO Premium plugin. -->","yoast_head_json":{"title":"slow band 20\/22 - slow watches","robots":{"index":"index","follow":"follow","max-snippet":"max-snippet:-1","max-image-preview":"max-image-preview:large","max-video-preview":"max-video-preview:-1"},"canonical":"https:\/\/www.gloniuz.com\/fr\/produit\/slow-band-2022\/","og_locale":"fr_FR","og_type":"article","og_title":"slow band 20\/22","og_description":"Grey\/Yellow Nylon Band, Silver Buckle","og_url":"https:\/\/www.gloniuz.com\/fr\/produit\/slow-band-2022\/","og_site_name":"slow watches","article_publisher":"https:\/\/www.facebook.com\/theslowwatch\/","article_modified_time":"2024-05-19T09:39:13+00:00","og_image":[{"width":896,"height":896,"url":"https:\/\/www.slow-watches.com\/wp-content\/uploads\/2016\/08\/slow_band_20-22_-_grey_yellow_nylon_band_with_silver_buckle_-_1__1_2-1.jpg","type":"image\/jpeg"}],"twitter_card":"summary_large_image","twitter_site":"@theslowwatch","twitter_misc":{"Prix":"&#36;60","Disponibilit\u00e9":"En stock"},"schema":{"@context":"https:\/\/schema.org","@graph":[{"@type":"WebPage","@id":"https:\/\/www.gloniuz.com\/fr\/produit\/slow-band-2022\/","url":"https:\/\/www.gloniuz.com\/fr\/produit\/slow-band-2022\/","name":"slow band 20\/22 - slow watches","isPartOf":{"@id":"https:\/\/fr.slow-watches.com\/fr\/#website"},"primaryImageOfPage":{"@id":"https:\/\/www.gloniuz.com\/fr\/produit\/slow-band-2022\/#primaryimage"},"image":{"@id":"https:\/\/www.gloniuz.com\/fr\/produit\/slow-band-2022\/#primaryimage"},"thumbnailUrl":"https:\/\/www.gloniuz.com\/wp-content\/uploads\/2016\/08\/slow_band_20-22_-_grey_yellow_nylon_band_with_silver_buckle_-_1__1_2-1.jpg","datePublished":"2016-08-23T15:45:12+00:00","dateModified":"2024-05-19T09:39:13+00:00","breadcrumb":{"@id":"https:\/\/www.gloniuz.com\/fr\/produit\/slow-band-2022\/#breadcrumb"},"inLanguage":"fr-FR","potentialAction":[{"@type":"ReadAction","target":["https:\/\/www.gloniuz.com\/fr\/produit\/slow-band-2022\/"]}]},{"@type":"ImageObject","inLanguage":"fr-FR","@id":"https:\/\/www.gloniuz.com\/fr\/produit\/slow-band-2022\/#primaryimage","url":"https:\/\/www.gloniuz.com\/wp-content\/uploads\/2016\/08\/slow_band_20-22_-_grey_yellow_nylon_band_with_silver_buckle_-_1__1_2-1.jpg","contentUrl":"https:\/\/www.gloniuz.com\/wp-content\/uploads\/2016\/08\/slow_band_20-22_-_grey_yellow_nylon_band_with_silver_buckle_-_1__1_2-1.jpg","width":896,"height":896},{"@type":"BreadcrumbList","@id":"https:\/\/www.gloniuz.com\/fr\/produit\/slow-band-2022\/#breadcrumb","itemListElement":[{"@type":"ListItem","position":1,"name":"Home","item":"https:\/\/de.slow-watches.com\/fr\/"},{"@type":"ListItem","position":2,"name":"Produits","item":"https:\/\/www.slow-watches.com\/shop\/"},{"@type":"ListItem","position":3,"name":"slow band 20\/22"}]},{"@type":"WebSite","@id":"https:\/\/fr.slow-watches.com\/fr\/#website","url":"https:\/\/fr.slow-watches.com\/fr\/","name":"slow watches","description":"","potentialAction":[{"@type":"SearchAction","target":{"@type":"EntryPoint","urlTemplate":"https:\/\/fr.slow-watches.com\/fr\/?s={search_term_string}"},"query-input":{"@type":"PropertyValueSpecification","valueRequired":true,"valueName":"search_term_string"}}],"inLanguage":"fr-FR"}]},"product_price_amount":"60.00","product_price_currency":"USD","og_availability":"instock","product_availability":"instock","product_retailer_item_id":"8055002793889","product_condition":"new"},"_links":{"self":[{"href":"https:\/\/www.gloniuz.com\/fr\/wp-json\/wp\/v2\/product\/13445","targetHints":{"allow":["GET"]}}],"collection":[{"href":"https:\/\/www.gloniuz.com\/fr\/wp-json\/wp\/v2\/product"}],"about":[{"href":"https:\/\/www.gloniuz.com\/fr\/wp-json\/wp\/v2\/types\/product"}],"replies":[{"embeddable":true,"href":"https:\/\/www.gloniuz.com\/fr\/wp-json\/wp\/v2\/comments?post=13445"}],"version-history":[{"count":0,"href":"https:\/\/www.gloniuz.com\/fr\/wp-json\/wp\/v2\/product\/13445\/revisions"}],"wp:featuredmedia":[{"embeddable":true,"href":"https:\/\/www.gloniuz.com\/fr\/wp-json\/wp\/v2\/media\/12722"}],"wp:attachment":[{"href":"https:\/\/www.gloniuz.com\/fr\/wp-json\/wp\/v2\/media?parent=13445"}],"wp:term":[{"taxonomy":"product_brand","embeddable":true,"href":"https:\/\/www.gloniuz.com\/fr\/wp-json\/wp\/v2\/product_brand?post=13445"},{"taxonomy":"product_cat","embeddable":true,"href":"https:\/\/www.gloniuz.com\/fr\/wp-json\/wp\/v2\/product_cat?post=13445"},{"taxonomy":"product_tag","embeddable":true,"href":"https:\/\/www.gloniuz.com\/fr\/wp-json\/wp\/v2\/product_tag?post=13445"}],"curies":[{"name":"wp","href":"https:\/\/api.w.org\/{rel}","templated":true}]}}