{"id":13840,"date":"2016-08-09T14:10:24","date_gmt":"2016-08-09T12:10:24","guid":{"rendered":"http:\/\/www.slow-watches.com\/the-store\/slow-mo-06.html"},"modified":"2026-02-11T16:24:53","modified_gmt":"2026-02-11T15:24:53","slug":"slow-mo-06-montre-24-heures-a-une-aiguille","status":"publish","type":"product","link":"https:\/\/www.gloniuz.com\/fr\/produit\/slow-mo-06-montre-24-heures-a-une-aiguille\/","title":{"rendered":"Slow Mo 06"},"content":{"rendered":"<p>C&rsquo;est LE choix de cuir classique par excellence. On ne peut pas se tromper avec cette montre. Elle incarne une \u00e9l\u00e9gance noble et sportive, ce qui lui donne un aspect fantastique, que ce soit autant port\u00e9 avec un costume qu&rsquo;avec un t-shirt.<\/p>\n<ul>\n<li>Fabriqu\u00e9e en Suisse, avec mouvement Quartz GMTt<\/li>\n<li>\u00c9tanche \u00e0 100 m\u00e8tres<\/li>\n<li>Bo\u00eetier en acier inoxydable argent\u00e9 de 34 mm<\/li>\n<li>Bracelet en cuir souple de veau italien noir.<\/li>\n<\/ul>\n","protected":false},"excerpt":{"rendered":"<p>Black Leather, Silver Case, Black Dial<\/p>\n","protected":false},"featured_media":23721,"comment_status":"open","ping_status":"closed","template":"","meta":{"_acf_changed":false,"footnotes":""},"product_brand":[],"product_cat":[85],"product_tag":[],"class_list":{"0":"post-13840","1":"product","2":"type-product","3":"status-publish","4":"has-post-thumbnail","6":"product_cat-slow-mo-34mm-fr","8":"first","9":"instock","10":"taxable","11":"shipping-taxable","12":"purchasable","13":"product-type-simple"},"acf":[],"yoast_head":"<!-- This site is optimized with the Yoast SEO Premium plugin v27.5 (Yoast SEO v27.5) - https:\/\/yoast.com\/product\/yoast-seo-premium-wordpress\/ -->\n<title>Slow Mo 06 - slow watches<\/title>\n<meta name=\"robots\" content=\"index, follow, max-snippet:-1, max-image-preview:large, max-video-preview:-1\" \/>\n<link rel=\"canonical\" href=\"https:\/\/www.gloniuz.com\/fr\/produit\/slow-mo-06-montre-24-heures-a-une-aiguille\/\" \/>\n<meta property=\"og:locale\" content=\"fr_FR\" \/>\n<meta property=\"og:type\" content=\"article\" \/>\n<meta property=\"og:title\" content=\"Slow Mo 06\" \/>\n<meta property=\"og:description\" content=\"Black Leather, Silver Case, Black Dial\" \/>\n<meta property=\"og:url\" content=\"https:\/\/www.gloniuz.com\/fr\/produit\/slow-mo-06-montre-24-heures-a-une-aiguille\/\" \/>\n<meta property=\"og:site_name\" content=\"slow watches\" \/>\n<meta property=\"article:publisher\" content=\"https:\/\/www.facebook.com\/theslowwatch\/\" \/>\n<meta property=\"article:modified_time\" content=\"2026-02-11T15:24:53+00:00\" \/>\n<meta property=\"og:image\" content=\"https:\/\/www.slow-watches.com\/wp-content\/uploads\/2016\/08\/slow-Mo-06-Single-Hand-wrist-watch-Silver-octagon-case-Black-leather-strap-2.jpg\" \/>\n\t<meta property=\"og:image:width\" content=\"1000\" \/>\n\t<meta property=\"og:image:height\" content=\"1000\" \/>\n\t<meta property=\"og:image:type\" content=\"image\/jpeg\" \/>\n<meta name=\"twitter:card\" content=\"summary_large_image\" \/>\n<meta name=\"twitter:site\" content=\"@theslowwatch\" \/>\n<meta name=\"twitter:label1\" content=\"Prix\" \/>\n\t<meta name=\"twitter:data1\" content=\"&#036;290\" \/>\n\t<meta name=\"twitter:label2\" content=\"Disponibilit\u00e9\" \/>\n\t<meta name=\"twitter:data2\" content=\"En stock\" \/>\n<script type=\"application\/ld+json\" class=\"yoast-schema-graph\">{\"@context\":\"https:\\\/\\\/schema.org\",\"@graph\":[{\"@type\":\"WebPage\",\"@id\":\"https:\\\/\\\/www.gloniuz.com\\\/fr\\\/produit\\\/slow-mo-06-montre-24-heures-a-une-aiguille\\\/\",\"url\":\"https:\\\/\\\/www.gloniuz.com\\\/fr\\\/produit\\\/slow-mo-06-montre-24-heures-a-une-aiguille\\\/\",\"name\":\"Slow Mo 06 - slow watches\",\"isPartOf\":{\"@id\":\"https:\\\/\\\/fr.slow-watches.com\\\/fr\\\/#website\"},\"primaryImageOfPage\":{\"@id\":\"https:\\\/\\\/www.gloniuz.com\\\/fr\\\/produit\\\/slow-mo-06-montre-24-heures-a-une-aiguille\\\/#primaryimage\"},\"image\":{\"@id\":\"https:\\\/\\\/www.gloniuz.com\\\/fr\\\/produit\\\/slow-mo-06-montre-24-heures-a-une-aiguille\\\/#primaryimage\"},\"thumbnailUrl\":\"https:\\\/\\\/www.gloniuz.com\\\/wp-content\\\/uploads\\\/2016\\\/08\\\/slow-Mo-06-Single-Hand-wrist-watch-Silver-octagon-case-Black-leather-strap-2.jpg\",\"datePublished\":\"2016-08-09T12:10:24+00:00\",\"dateModified\":\"2026-02-11T15:24:53+00:00\",\"breadcrumb\":{\"@id\":\"https:\\\/\\\/www.gloniuz.com\\\/fr\\\/produit\\\/slow-mo-06-montre-24-heures-a-une-aiguille\\\/#breadcrumb\"},\"inLanguage\":\"fr-FR\",\"potentialAction\":[{\"@type\":\"ReadAction\",\"target\":[\"https:\\\/\\\/www.gloniuz.com\\\/fr\\\/produit\\\/slow-mo-06-montre-24-heures-a-une-aiguille\\\/\"]}]},{\"@type\":\"ImageObject\",\"inLanguage\":\"fr-FR\",\"@id\":\"https:\\\/\\\/www.gloniuz.com\\\/fr\\\/produit\\\/slow-mo-06-montre-24-heures-a-une-aiguille\\\/#primaryimage\",\"url\":\"https:\\\/\\\/www.gloniuz.com\\\/wp-content\\\/uploads\\\/2016\\\/08\\\/slow-Mo-06-Single-Hand-wrist-watch-Silver-octagon-case-Black-leather-strap-2.jpg\",\"contentUrl\":\"https:\\\/\\\/www.gloniuz.com\\\/wp-content\\\/uploads\\\/2016\\\/08\\\/slow-Mo-06-Single-Hand-wrist-watch-Silver-octagon-case-Black-leather-strap-2.jpg\",\"width\":1000,\"height\":1000},{\"@type\":\"BreadcrumbList\",\"@id\":\"https:\\\/\\\/www.gloniuz.com\\\/fr\\\/produit\\\/slow-mo-06-montre-24-heures-a-une-aiguille\\\/#breadcrumb\",\"itemListElement\":[{\"@type\":\"ListItem\",\"position\":1,\"name\":\"Home\",\"item\":\"https:\\\/\\\/de.slow-watches.com\\\/fr\\\/\"},{\"@type\":\"ListItem\",\"position\":2,\"name\":\"Produits\",\"item\":\"https:\\\/\\\/www.slow-watches.com\\\/shop\\\/\"},{\"@type\":\"ListItem\",\"position\":3,\"name\":\"Slow Mo 06\"}]},{\"@type\":\"WebSite\",\"@id\":\"https:\\\/\\\/fr.slow-watches.com\\\/fr\\\/#website\",\"url\":\"https:\\\/\\\/fr.slow-watches.com\\\/fr\\\/\",\"name\":\"slow watches\",\"description\":\"\",\"potentialAction\":[{\"@type\":\"SearchAction\",\"target\":{\"@type\":\"EntryPoint\",\"urlTemplate\":\"https:\\\/\\\/fr.slow-watches.com\\\/fr\\\/?s={search_term_string}\"},\"query-input\":{\"@type\":\"PropertyValueSpecification\",\"valueRequired\":true,\"valueName\":\"search_term_string\"}}],\"inLanguage\":\"fr-FR\"}]}<\/script>\n<meta property=\"product:price:amount\" content=\"290.00\" \/>\n<meta property=\"product:price:currency\" content=\"USD\" \/>\n<meta property=\"og:availability\" content=\"instock\" \/>\n<meta property=\"product:availability\" content=\"instock\" \/>\n<meta property=\"product:retailer_item_id\" content=\"8051766398452\" \/>\n<meta property=\"product:condition\" content=\"new\" \/>\n<!-- \/ Yoast SEO Premium plugin. -->","yoast_head_json":{"title":"Slow Mo 06 - slow watches","robots":{"index":"index","follow":"follow","max-snippet":"max-snippet:-1","max-image-preview":"max-image-preview:large","max-video-preview":"max-video-preview:-1"},"canonical":"https:\/\/www.gloniuz.com\/fr\/produit\/slow-mo-06-montre-24-heures-a-une-aiguille\/","og_locale":"fr_FR","og_type":"article","og_title":"Slow Mo 06","og_description":"Black Leather, Silver Case, Black Dial","og_url":"https:\/\/www.gloniuz.com\/fr\/produit\/slow-mo-06-montre-24-heures-a-une-aiguille\/","og_site_name":"slow watches","article_publisher":"https:\/\/www.facebook.com\/theslowwatch\/","article_modified_time":"2026-02-11T15:24:53+00:00","og_image":[{"width":1000,"height":1000,"url":"https:\/\/www.slow-watches.com\/wp-content\/uploads\/2016\/08\/slow-Mo-06-Single-Hand-wrist-watch-Silver-octagon-case-Black-leather-strap-2.jpg","type":"image\/jpeg"}],"twitter_card":"summary_large_image","twitter_site":"@theslowwatch","twitter_misc":{"Prix":"&#36;290","Disponibilit\u00e9":"En stock"},"schema":{"@context":"https:\/\/schema.org","@graph":[{"@type":"WebPage","@id":"https:\/\/www.gloniuz.com\/fr\/produit\/slow-mo-06-montre-24-heures-a-une-aiguille\/","url":"https:\/\/www.gloniuz.com\/fr\/produit\/slow-mo-06-montre-24-heures-a-une-aiguille\/","name":"Slow Mo 06 - slow watches","isPartOf":{"@id":"https:\/\/fr.slow-watches.com\/fr\/#website"},"primaryImageOfPage":{"@id":"https:\/\/www.gloniuz.com\/fr\/produit\/slow-mo-06-montre-24-heures-a-une-aiguille\/#primaryimage"},"image":{"@id":"https:\/\/www.gloniuz.com\/fr\/produit\/slow-mo-06-montre-24-heures-a-une-aiguille\/#primaryimage"},"thumbnailUrl":"https:\/\/www.gloniuz.com\/wp-content\/uploads\/2016\/08\/slow-Mo-06-Single-Hand-wrist-watch-Silver-octagon-case-Black-leather-strap-2.jpg","datePublished":"2016-08-09T12:10:24+00:00","dateModified":"2026-02-11T15:24:53+00:00","breadcrumb":{"@id":"https:\/\/www.gloniuz.com\/fr\/produit\/slow-mo-06-montre-24-heures-a-une-aiguille\/#breadcrumb"},"inLanguage":"fr-FR","potentialAction":[{"@type":"ReadAction","target":["https:\/\/www.gloniuz.com\/fr\/produit\/slow-mo-06-montre-24-heures-a-une-aiguille\/"]}]},{"@type":"ImageObject","inLanguage":"fr-FR","@id":"https:\/\/www.gloniuz.com\/fr\/produit\/slow-mo-06-montre-24-heures-a-une-aiguille\/#primaryimage","url":"https:\/\/www.gloniuz.com\/wp-content\/uploads\/2016\/08\/slow-Mo-06-Single-Hand-wrist-watch-Silver-octagon-case-Black-leather-strap-2.jpg","contentUrl":"https:\/\/www.gloniuz.com\/wp-content\/uploads\/2016\/08\/slow-Mo-06-Single-Hand-wrist-watch-Silver-octagon-case-Black-leather-strap-2.jpg","width":1000,"height":1000},{"@type":"BreadcrumbList","@id":"https:\/\/www.gloniuz.com\/fr\/produit\/slow-mo-06-montre-24-heures-a-une-aiguille\/#breadcrumb","itemListElement":[{"@type":"ListItem","position":1,"name":"Home","item":"https:\/\/de.slow-watches.com\/fr\/"},{"@type":"ListItem","position":2,"name":"Produits","item":"https:\/\/www.slow-watches.com\/shop\/"},{"@type":"ListItem","position":3,"name":"Slow Mo 06"}]},{"@type":"WebSite","@id":"https:\/\/fr.slow-watches.com\/fr\/#website","url":"https:\/\/fr.slow-watches.com\/fr\/","name":"slow watches","description":"","potentialAction":[{"@type":"SearchAction","target":{"@type":"EntryPoint","urlTemplate":"https:\/\/fr.slow-watches.com\/fr\/?s={search_term_string}"},"query-input":{"@type":"PropertyValueSpecification","valueRequired":true,"valueName":"search_term_string"}}],"inLanguage":"fr-FR"}]},"product_price_amount":"290.00","product_price_currency":"USD","og_availability":"instock","product_availability":"instock","product_retailer_item_id":"8051766398452","product_condition":"new"},"_links":{"self":[{"href":"https:\/\/www.gloniuz.com\/fr\/wp-json\/wp\/v2\/product\/13840","targetHints":{"allow":["GET"]}}],"collection":[{"href":"https:\/\/www.gloniuz.com\/fr\/wp-json\/wp\/v2\/product"}],"about":[{"href":"https:\/\/www.gloniuz.com\/fr\/wp-json\/wp\/v2\/types\/product"}],"replies":[{"embeddable":true,"href":"https:\/\/www.gloniuz.com\/fr\/wp-json\/wp\/v2\/comments?post=13840"}],"version-history":[{"count":0,"href":"https:\/\/www.gloniuz.com\/fr\/wp-json\/wp\/v2\/product\/13840\/revisions"}],"wp:featuredmedia":[{"embeddable":true,"href":"https:\/\/www.gloniuz.com\/fr\/wp-json\/wp\/v2\/media\/23721"}],"wp:attachment":[{"href":"https:\/\/www.gloniuz.com\/fr\/wp-json\/wp\/v2\/media?parent=13840"}],"wp:term":[{"taxonomy":"product_brand","embeddable":true,"href":"https:\/\/www.gloniuz.com\/fr\/wp-json\/wp\/v2\/product_brand?post=13840"},{"taxonomy":"product_cat","embeddable":true,"href":"https:\/\/www.gloniuz.com\/fr\/wp-json\/wp\/v2\/product_cat?post=13840"},{"taxonomy":"product_tag","embeddable":true,"href":"https:\/\/www.gloniuz.com\/fr\/wp-json\/wp\/v2\/product_tag?post=13840"}],"curies":[{"name":"wp","href":"https:\/\/api.w.org\/{rel}","templated":true}]}}