{"id":15462,"date":"2016-07-04T17:07:32","date_gmt":"2016-07-04T15:07:32","guid":{"rendered":"http:\/\/www.slow-watches.com\/it\/contact\/"},"modified":"2025-06-20T13:42:15","modified_gmt":"2025-06-20T11:42:15","slug":"contact","status":"publish","type":"page","link":"https:\/\/www.gloniuz.com\/it\/contact\/","title":{"rendered":"CONTATTI"},"content":{"rendered":"<div class=\"row\">\n<div class=\"col-sm-6 hidden-sm hidden-xs\">\n<p><img decoding=\"async\" src=\"\/wp-content\/uploads\/2016\/07\/RW24629.jpg\" class=\"img-responsive\" alt=\"\"><\/p>\n<\/p><\/div>\n<div class=\"col-sm-6 contact\">\n<div class=\"inner\">\n<h1>AIUTO<\/h1>\n<p>Qui potete trovare le risposte alle domande pi\u00f9 frequenti. Basta fare clic sul segno pi\u00f9 per visualizzare i dettagli di ciascuna categoria di domande.<\/p>\n<div class=\"toggle_title\" data-toggle=\"collapse\" data-parent=\"#\" href=\"#collapse0\" aria-expanded=\"true\" aria-controls=\"collapse0\">\n<h4>CONTATTI<i class=\"toggle_icon\"><\/i><\/h4>\n<\/div>\n<div id=\"collapse0\" class=\"toggle_content collapse\">\n<p>Per tutte le domande, i commenti o anche i suggerimenti, il modo migliore \u00e8 scriverci semplicemente un&#8217;e-mail a&nbsp;<a href=\"mailto:jo@slow-watches.com\">jo@slow-watches.com<\/a>. <\/p>\n<p>Di solito rispondiamo entro poche ore. <\/p>\n<p>Altrimenti, abbiamo anche una hotline telefonica che potete chiamare durante il normale orario di lavoro (fuso orario dell&#8217;Europa centrale): +49 (40) 4162 9823\n<\/p>\n<\/div>\n<div class=\"toggle_title\" data-toggle=\"collapse\" data-parent=\"#\" href=\"#collapse1\" aria-expanded=\"true\" aria-controls=\"collapse1\">\n<h4>Informazioni sul prodotto<i class=\"toggle_icon\"><\/i><\/h4>\n<\/div>\n<div id=\"collapse1\" class=\"toggle_content collapse\">\n<p style=\"text-align: justify;\">In linea di massima, tutte le informazioni specifiche sul prodotto, come dimensioni, diametro, peso, lunghezza del cinturino, ecc. di un orologio, sono riportate nella rispettiva pagina di dettaglio del prodotto, alla voce &#8220;Dettagli&#8221;.<\/p>\n<p style=\"text-align: justify;\"><b>Che tipo di movimento ha uno slow?<\/b><\/p>\n<p style=\"text-align: justify;\">Gli orologi slow sono alimentati da un movimento svizzero GMT al quarzo. La batteria dovrebbe durare almeno 45 mesi.<\/p>\n<p style=\"text-align: justify;\"><b>Posso indossare l&#8217;orologio per nuotare?<\/b><\/p>\n<p style=\"text-align: justify;\">Ogni slow \u00e8 impermeabile fino a 100 metri. Ci\u00f2 significa che si pu\u00f2 nuotare in tutta tranquillit\u00e0. Bisogna per\u00f2 fare attenzione ai cinturini in pelle, che possono soffrire e &#8220;invecchiare&#8221; pi\u00f9 rapidamente quando si nuota. Si consiglia un cinturino in metallo o in nylon se si prevede di portare l&#8217;orologio in acqua regolarmente.<\/p>\n<p style=\"text-align: justify;\"><b>I vostri orologi sono privi di nichel?<\/b><\/p>\n<p style=\"text-align: justify;\">S\u00ec, utilizziamo acciaio inossidabile 316L di alta qualit\u00e0 che \u00e8 privo di nichel.<br \/>\n<br \/>\nTuttavia, utilizziamo lo stesso acciaio utilizzato dalla maggior parte dei marchi svizzeri di qualit\u00e0. Se in passato avete avuto problemi di questo tipo, vi consigliamo di prendere uno dei nostri orologi con cinturino in nylon. In questo caso il cinturino passa sotto la cassa, in modo che la pelle non venga a contatto diretto con la cassa.<\/p>\n<p style=\"text-align: justify;\"><b>Che tipo di vetro utilizzate?<\/b><\/p>\n<p style=\"text-align: justify;\">Dipende dalla famiglia di orologi. Per JO, MO e O utilizziamo un vetro minerale K1 extra-temprato. \u00c8 molto robusto, ma bisogna comunque averne cura: se urta il muro o cade per terra, pu\u00f2 graffiarsi o rompersi.<br \/>\n<br \/>\nTutti i modelli slow ROUND, ROUND-S e TWELVE sono dotati di vetro zaffiro super duro e antigraffio.<\/p>\n<p style=\"text-align: justify;\"><b>Le lancette si illuminano al buio?<\/b><\/p>\n<p style=\"text-align: justify;\">Le lancette non si illuminano al buio. Il nostro obiettivo era creare un orologio il pi\u00f9 possibile classico e senza tempo. Questo non era compatibile con il colore verde flouro.<\/p>\n<p style=\"text-align: justify;\"><b>Il colore si consuma?<\/b><\/p>\n<p style=\"text-align: justify;\">Utilizziamo uno speciale processo di rivestimento PVD (Physical Vapor Deposition) che &#8220;fonde&#8221; il colore con il metallo a livello atomico, per cos\u00ec dire. \u00c8 davvero molto robusto e non c&#8217;\u00e8 da preoccuparsi che il colore si stacchi.<\/p>\n<p style=\"text-align: justify;\"><b>Ho i polsi molto grandi e non so se il lento mi andr\u00e0 bene?<\/b><\/p>\n<p style=\"text-align: justify;\">I nostri cinturini in pelle sono realizzati per una circonferenza fino a 200 mm, quelli in nylon e tela fino a 195 mm. I bracciali in metallo non presentano problemi. Se sono troppo stretti, possiamo sempre inviare altre maglie.<\/p>\n<p style=\"text-align: justify;\"><b>Come posso accorciare il cinturino in metallo?<\/b><\/p>\n<p style=\"text-align: justify;\">\u00c8 meglio accorciare il cinturino di metallo nel negozio di orologi pi\u00f9 vicino. Ci vogliono solo pochi minuti e non costa nulla.<\/p>\n<p style=\"text-align: justify;\"><b>Perch\u00e9 il 12 \u00e8 in alto?<\/b><\/p>\n<p style=\"text-align: justify;\">Naturalmente abbiamo pensato a qualcosa, questo \u00e8 chiaro. ? Poich\u00e9 il 12 \u00e8 in alto, l&#8217;intero giorno (dalle 6 alle 18) si trova nella met\u00e0 superiore dell&#8217;orologio e la notte in quella inferiore. Inoltre, il 12 si trova anche nella parte superiore degli orologi &#8220;normali&#8221;, per cos\u00ec dire allo zenit, proprio come alle 12 del giorno&#8230;<\/p>\n<\/p><\/div>\n<div class=\"toggle_title\" data-toggle=\"collapse\" data-parent=\"#\" href=\"#collapse2\" aria-expanded=\"true\" aria-controls=\"collapse2\">\n<h4>LA NOSTRA OFFERTA<i class=\"toggle_icon\"><\/i><\/h4>\n<\/div>\n<div id=\"collapse2\" class=\"toggle_content collapse\">\n<p style=\"text-align: justify;\"><b>Offrite anche un orologio automatico?<\/b><\/p>\n<p style=\"text-align: justify;\">S\u00ec, abbiamo un orologio automatico lento di lusso! Lo trovate <strong><u><a href=\"\/prodotto\/automatically-slow-02\/\">qui<\/a><\/u><\/strong>. Stiamo anche lavorando a un&#8217;altra versione, che speriamo sia pronta quest&#8217;anno.<br \/>\nA proposito, stiamo anche lavorando a un orologio solare&#8230;<\/p>\n<p style=\"text-align: justify;\"><b>Offrite anche cinturini in gomma?<\/b><\/p>\n<p style=\"text-align: justify;\">Ci piacciono molto anche i cinturini in gomma naturale. Ma al momento ci limitiamo ai cinturini in pelle, tessuto e metallo. La scelta \u00e8 gi\u00e0 molto ampia.<br \/>\n<br \/>\nSe non trovate quello che cercate qui, potete anche ordinare un cinturino in gomma da uno specialista. Noi usiamo una larghezza standard di 22 mm per il lento Jo e di 20 mm per il lento Mo. Ci sono molte buone offerte su Internet.\n<\/p>\n<p style=\"text-align: justify;\"><b>Avete anche orologi da tasca?<\/b><\/p>\n<p style=\"text-align: justify;\">Un orologio da tasca sarebbe sicuramente super lento. Tuttavia, la richiesta \u00e8 molto scarsa. Se riceviamo molti messaggi da parte vostra, potremmo ripensarci?<\/p>\n<p style=\"text-align: justify;\"><b>Avete orologi in titanio, platino, carbonio o altri materiali?<\/b><\/p>\n<p style=\"text-align: justify;\">Tutti i nostri orologi sono realizzati in acciaio inossidabile 316L di alta qualit\u00e0. Purtroppo non offriamo altri materiali.<\/p>\n<p style=\"text-align: justify;\"><b>Avete un orologio in cui lo zero \u00e8 in alto?<\/b><\/p>\n<p style=\"text-align: justify;\">Poich\u00e9 i numeri sul lento Jo sono disposti in modo concentrico, potete facilmente capovolgere il vostro lento! Allora lo &#8220;0&#8221; \u00e8 in alto. Ma abbiamo gi\u00e0 pensato a qualcosa: con il &#8220;12&#8221; in alto, si ha il giorno dal 6 al 18 nella met\u00e0 superiore e la notte in quella inferiore. Ma a ognuno piace il suo modo, naturalmente! ?<\/p>\n<p style=\"text-align: justify;\"><b>Vorrei un orologio che non viene offerto da voi. Posso avere anche la mia combinazione personale?<\/b><\/p>\n<p style=\"text-align: justify;\">Non c&#8217;\u00e8 alcun problema. Potete acquistare tutti i bracciali separatamente nel nostro negozio online e, con un piccolo strumento che inviamo con tutti i bracciali, potete facilmente cambiarli da soli. Naturalmente, questo significa anche che \u00e8 possibile creare qualsiasi combinazione immaginabile che non sia gi\u00e0 disponibile.<\/p>\n<p style=\"text-align: justify;\"><b>Fornite una garanzia sull&#8217;orologio?<\/b><\/p>\n<p style=\"text-align: justify;\">Forniamo una garanzia di due anni contro i problemi di qualit\u00e0. Potete leggere anche qui: <a href=\"\/it\/terms-and-conditions\/\"><strong><u>Termini e Condizioni<\/u><\/strong><\/a><\/p>\n<p style=\"text-align: justify;\"><b>Qual \u00e8 la dimensione della cassa pi\u00f9 adatta a me?<\/b><\/p>\n<p style=\"text-align: justify;\">In linea di massima, si pu\u00f2 dire che le dimensioni della cassa JO (38 mm), ROUND (40 mm) e TWELVE (40 mm) si adattano perfettamente al polso di un uomo normale e sono anche una buona scelta per le donne che amano indossare un orologio leggermente pi\u00f9 grande. Alle donne che preferiscono un orologio di dimensioni normali e agli uomini con polsi pi\u00f9 piccoli consigliamo il modello MO lento (34 mm). I modelli ROUND-S (34 mm) sono destinati principalmente alle donne. <\/p>\n<\/p><\/div>\n<div class=\"toggle_title\" data-toggle=\"collapse\" data-parent=\"#\" href=\"#collapse3\" aria-expanded=\"true\" aria-controls=\"collapse3\">\n<h4>QUALIT\u00c0 E RIPARAZIONE<i class=\"toggle_icon\"><\/i><\/h4>\n<\/div>\n<div id=\"collapse3\" class=\"toggle_content collapse\">\n<p style=\"text-align: justify;\"><b>Come si cambia la batteria?<\/b><\/p>\n<p style=\"text-align: justify;\">Il posto migliore per cambiare la batteria \u00e8 il negozio di orologi pi\u00f9 vicino. \u00c8 l\u00ec che si trovano i professionisti, che impiegano solo pochi minuti, dopo i quali \u00e8 garantito che tutto \u00e8 ancora come dovrebbe essere. Ad esempio, il lento \u00e8 ancora impermeabile fino a 100 metri.<\/p>\n<p style=\"text-align: justify;\"><b>Come si cambia il cinturino?<\/b><\/p>\n<p style=\"text-align: justify;\">Il cinturino di ricambio viene fornito con un piccolo strumento. Con questo strumento \u00e8 possibile cambiare facilmente il cinturino da soli. Ecco un breve video su come farlo: <a href=\"http:\/\/youtu.be\/FuBBBBl33L4\" rel=\"noopener\" target=\"_blank\">YouTube<\/a><\/p>\n<p style=\"text-align: justify;\"><b>Come si avvia l&#8217;orologio?<\/b><\/p>\n<p style=\"text-align: justify;\">L&#8217;orologio dovrebbe essere gi\u00e0 in funzione e l&#8217;intero orologio, compresa la batteria, \u00e8 stato testato per diversi giorni prima di lasciare la nostra fabbrica.<br \/>\n<br \/>\n\u00c8 sempre possibile che uno dei piccoli ingranaggi del movimento si incastri durante il trasporto e abbia bisogno di essere avviato.<br \/>\n<br \/>\nPertanto, sarebbe opportuno che l&#8217;orologio venisse regolato come segue:<br \/>\n<br \/>\nEstrarre completamente la corona (fino al secondo scatto). IMPORTANTE: girare la lancetta solo in senso orario e fare un giro completo in pi\u00f9 (24 ore). Dopo la regolazione, spingere la corona fino in fondo. Quindi, esercitando una leggera pressione sulla corona, ruotarla avanti e indietro alcune volte. In questo modo ci si assicura che la corona sia correttamente inserita. Ecco un breve video: <a href=\"https:\/\/www.youtube.com\/watch?v=iul900eNep4&#038;spfreload=10\" rel=\"noopener\" target=\"_blank\">YouTube<\/a><\/p>\n<p style=\"text-align: justify;\"><b>Il mio orologio perde tempo. Cosa posso fare?<\/b><\/p>\n<p style=\"text-align: justify;\">Non \u00e8 facile regolare un orologio a 24 ore, e il pi\u00f9 delle volte l&#8217;impressione che l&#8217;orologio vada troppo lento \u00e8 in realt\u00e0 creata dal modo in cui \u00e8 regolato.<br \/>\n<br \/>\nPertanto, si consiglia di regolare nuovamente l&#8217;orologio come segue:<br \/>\n<br \/>\nEstrarre completamente la corona (fino al secondo scatto), quindi IMPORTANTE: Ruotare la lancetta solo in senso orario e farle fare un giro completo in pi\u00f9 (24 ore). Dopo la regolazione, spingere la corona fino in fondo. Quindi, esercitando una leggera pressione sulla corona, ruotarla avanti e indietro alcune volte. In questo modo ci si assicura che la corona sia correttamente inserita. Di nuovo nel video: <a href=\"https:\/\/www.youtube.com\/watch?v=iul900eNep4&#038;spfreload=10\" rel=\"noopener\" target=\"_blank\">YouTube<\/a><br \/>\n<br \/>\nRicontrollare dopo un&#8217;ora per vedere se tutto \u00e8 perfetto. Se ha perso di nuovo tempo, non reimpostatelo e verificate dopo un&#8217;altra ora se ha perso di nuovo tempo o solo una volta. Se si tratta di una sola volta, il problema \u00e8 dovuto all&#8217;impostazione e pu\u00f2 essere facilmente corretto come descritto. Se invece perde tempo pi\u00f9 volte, ad esempio 10 minuti dopo un&#8217;ora e 20 minuti dopo 2 ore, allora c&#8217;\u00e8 qualcosa che non va!<br \/>\n<br \/>\nOgni singolo slow viene testato per diversi giorni prima di lasciare la nostra fabbrica in Svizzera. Naturalmente, durante il trasporto pu\u00f2 sempre succedere qualcosa. Pertanto, se qualcosa non \u00e8 perfetto, provvederemo naturalmente a sostituire l&#8217;orologio.<\/p>\n<\/p><\/div>\n<div class=\"toggle_title\" data-toggle=\"collapse\" data-parent=\"#\" href=\"#collapse4\" aria-expanded=\"true\" aria-controls=\"collapse4\">\n<h4>ORDINE E CONSEGNA<i class=\"toggle_icon\"><\/i><\/h4>\n<\/div>\n<div id=\"collapse4\" class=\"toggle_content collapse\">\n<p style=\"text-align: justify;\"><b>Dove posso vedere l&#8217;orologio e dove posso acquistarlo?<\/b><\/p>\n<p style=\"text-align: justify;\">Poich\u00e9 attualmente vendiamo solo online e direttamente, purtroppo non siamo reperibili nei negozi tradizionali. A proposito, \u00e8 cos\u00ec che riusciamo a creare un prezzo di questa qualit\u00e0?<br \/>\n<br \/>\nMa non \u00e8 affatto un problema! Naturalmente potete ordinare un lento a casa vostra, guardarlo da vicino e rispedircelo a nostre spese se non vi piace!<\/p>\n<p style=\"text-align: justify;\"><b>Quando arriver\u00e0 il mio orologio?<\/b><\/p>\n<p style=\"text-align: justify;\">Nell&#8217;e-mail, in cui troverete anche la fattura, troverete anche i dettagli della spedizione. Potete facilmente controllare lo stato della vostra consegna tramite il rispettivo sistema di tracciamento. Se non avete ricevuto le informazioni o se avete altre domande sulla vostra consegna, inviateci un messaggio a jo@slow-watches.com.<\/p>\n<p style=\"text-align: justify;\"><b>Posso restituire l&#8217;orologio se non mi piace?<br \/>\n<\/b><\/p>\n<p style=\"text-align: justify;\">S\u00ec, \u00e8 possibile restituire l&#8217;orologio non indossato entro 30 giorni. Basta inviare un&#8217;e-mail a jo@slow-watches.com.<\/p>\n<p style=\"text-align: justify;\"><b>Come posso cambiare un orologio acquistato su Amazon?<\/b><\/p>\n<p style=\"text-align: justify;\">Per farlo, \u00e8 necessario contattare direttamente Amazon. \u00c8 possibile organizzare facilmente la restituzione dell&#8217;orologio tramite il proprio account.<\/p>\n<p style=\"text-align: justify;\"><b>Come posso ordinare un orologio?<br \/>\n<\/b><\/p>\n<p style=\"text-align: justify;\">\u00c8 possibile ordinare tutti gli orologi slow su slow-watches.com\/it\/all-watch\/. Pu\u00f2 pagare con PayPal, Amazon Payment o carta di credito. Per favore, fatemi sapere se avete problemi.<\/p>\n<p style=\"text-align: justify;\"><b>Potete inviarmi un catalogo?<\/b><\/p>\n<p style=\"text-align: justify;\">Non abbiamo un catalogo in senso tradizionale. Poich\u00e9 vendiamo i nostri prodotti solo online e direttamente, il nostro catalogo \u00e8 anche online su slow-watches.com.<\/p>\n<p style=\"text-align: justify;\"><b>Ci sono tasse, dazi doganali o altri costi se ordino all&#8217;interno dell&#8217;UE?<\/b><\/p>\n<p style=\"text-align: justify;\">Tutti i prezzi sono comprensivi di tutti i costi. Ci\u00f2 significa che non c&#8217;\u00e8 nient&#8217;altro da pagare, abbiamo tutto sotto controllo! Dazi e tasse possono essere applicati solo agli ordini al di fuori dell&#8217;UE, degli Stati Uniti e della Svizzera.<\/p>\n<p style=\"text-align: justify;\"><b>Ci sono tasse, dazi o altri costi se ordino al di fuori dell&#8217;UE, della Svizzera o degli USA?<\/b><\/p>\n<p style=\"text-align: justify;\">Se l&#8217;orologio viene spedito in un paese al di fuori dell&#8217;UE, le autorit\u00e0 doganali locali potrebbero addebitare dazi e tasse. Questo dipende dalle normative del vostro Paese.<\/p>\n<p style=\"text-align: justify;\"><b>Posso ordinare senza carta di credito?<\/b><\/p>\n<p style=\"text-align: justify;\">Nel nostro negozio web offriamo diversi metodi di pagamento. Ci dispiace molto se nessuno di questi \u00e8 adatto a voi. In questo caso possiamo elaborare l&#8217;ordine manualmente per voi. Inviate un&#8217;e-mail a jo@slow-watches.com con il vostro indirizzo di consegna e di fatturazione e il nome del modello desiderato. Vi invieremo quindi un&#8217;offerta che potrete pagare anche tramite bonifico bancario.<\/p>\n<\/p><\/div>\n<h5 class=\"contacts_heading\">La tua domanda non ha ancora ricevuto risposta? Contattaci via email per favore: <br \/><a href=\"mailto:jo@slow-watches.com\">jo@slow-watches.com<\/a><\/h5>\n<p>Vi preghiamo di capire che come piccola societ\u00e0 possiamo, attualmente, fornire il servizio di assistenza clienti in inglese e tedesco. Stiamo lavorando per estendere la portata del nostro linguaggio e speriamo di assistervi al pi\u00f9 presto in Italiano.<\/p>\n<\/div>\n<\/p><\/div>\n<\/div>\n","protected":false},"excerpt":{"rendered":"<p>AIUTO Qui potete trovare le risposte alle domande pi\u00f9 frequenti. Basta fare clic sul segno pi\u00f9 per visualizzare i dettagli di ciascuna categoria di domande. CONTATTI Per tutte le domande,&#8230;<\/p>\n","protected":false},"author":1,"featured_media":0,"parent":0,"menu_order":0,"comment_status":"closed","ping_status":"closed","template":"","meta":{"_acf_changed":false,"footnotes":""},"class_list":["post-15462","page","type-page","status-publish","hentry"],"acf":[],"yoast_head":"<!-- This site is optimized with the Yoast SEO Premium plugin v27.5 (Yoast SEO v27.5) - https:\/\/yoast.com\/product\/yoast-seo-premium-wordpress\/ -->\n<title>CONTATTI - slow watches<\/title>\n<meta name=\"robots\" content=\"index, follow, max-snippet:-1, max-image-preview:large, max-video-preview:-1\" \/>\n<link rel=\"canonical\" href=\"https:\/\/www.gloniuz.com\/it\/contact\/\" \/>\n<meta property=\"og:locale\" content=\"it_IT\" \/>\n<meta property=\"og:type\" content=\"article\" \/>\n<meta property=\"og:title\" content=\"CONTATTI\" \/>\n<meta property=\"og:description\" content=\"AIUTO Qui potete trovare le risposte alle domande pi\u00f9 frequenti. Basta fare clic sul segno pi\u00f9 per visualizzare i dettagli di ciascuna categoria di domande. CONTATTI Per tutte le domande,...\" \/>\n<meta property=\"og:url\" content=\"https:\/\/www.gloniuz.com\/it\/contact\/\" \/>\n<meta property=\"og:site_name\" content=\"slow watches\" \/>\n<meta property=\"article:publisher\" content=\"https:\/\/www.facebook.com\/theslowwatch\/\" \/>\n<meta property=\"article:modified_time\" content=\"2025-06-20T11:42:15+00:00\" \/>\n<meta name=\"twitter:card\" content=\"summary_large_image\" \/>\n<meta name=\"twitter:site\" content=\"@theslowwatch\" \/>\n<meta name=\"twitter:label1\" content=\"Tempo di lettura stimato\" \/>\n\t<meta name=\"twitter:data1\" content=\"9 minuti\" \/>\n<script type=\"application\/ld+json\" class=\"yoast-schema-graph\">{\"@context\":\"https:\\\/\\\/schema.org\",\"@graph\":[{\"@type\":\"WebPage\",\"@id\":\"https:\\\/\\\/www.gloniuz.com\\\/it\\\/contact\\\/\",\"url\":\"https:\\\/\\\/www.gloniuz.com\\\/it\\\/contact\\\/\",\"name\":\"CONTATTI - slow watches\",\"isPartOf\":{\"@id\":\"https:\\\/\\\/fr.slow-watches.com\\\/fr\\\/#website\"},\"datePublished\":\"2016-07-04T15:07:32+00:00\",\"dateModified\":\"2025-06-20T11:42:15+00:00\",\"breadcrumb\":{\"@id\":\"https:\\\/\\\/www.gloniuz.com\\\/it\\\/contact\\\/#breadcrumb\"},\"inLanguage\":\"it-IT\",\"potentialAction\":[{\"@type\":\"ReadAction\",\"target\":[\"https:\\\/\\\/www.gloniuz.com\\\/it\\\/contact\\\/\"]}]},{\"@type\":\"BreadcrumbList\",\"@id\":\"https:\\\/\\\/www.gloniuz.com\\\/it\\\/contact\\\/#breadcrumb\",\"itemListElement\":[{\"@type\":\"ListItem\",\"position\":1,\"name\":\"Home\",\"item\":\"https:\\\/\\\/de.slow-watches.com\\\/it\\\/\"},{\"@type\":\"ListItem\",\"position\":2,\"name\":\"CONTATTI\"}]},{\"@type\":\"WebSite\",\"@id\":\"https:\\\/\\\/fr.slow-watches.com\\\/fr\\\/#website\",\"url\":\"https:\\\/\\\/fr.slow-watches.com\\\/fr\\\/\",\"name\":\"slow watches\",\"description\":\"\",\"potentialAction\":[{\"@type\":\"SearchAction\",\"target\":{\"@type\":\"EntryPoint\",\"urlTemplate\":\"https:\\\/\\\/fr.slow-watches.com\\\/fr\\\/?s={search_term_string}\"},\"query-input\":{\"@type\":\"PropertyValueSpecification\",\"valueRequired\":true,\"valueName\":\"search_term_string\"}}],\"inLanguage\":\"it-IT\"}]}<\/script>\n<!-- \/ Yoast SEO Premium plugin. -->","yoast_head_json":{"title":"CONTATTI - slow watches","robots":{"index":"index","follow":"follow","max-snippet":"max-snippet:-1","max-image-preview":"max-image-preview:large","max-video-preview":"max-video-preview:-1"},"canonical":"https:\/\/www.gloniuz.com\/it\/contact\/","og_locale":"it_IT","og_type":"article","og_title":"CONTATTI","og_description":"AIUTO Qui potete trovare le risposte alle domande pi\u00f9 frequenti. Basta fare clic sul segno pi\u00f9 per visualizzare i dettagli di ciascuna categoria di domande. CONTATTI Per tutte le domande,...","og_url":"https:\/\/www.gloniuz.com\/it\/contact\/","og_site_name":"slow watches","article_publisher":"https:\/\/www.facebook.com\/theslowwatch\/","article_modified_time":"2025-06-20T11:42:15+00:00","twitter_card":"summary_large_image","twitter_site":"@theslowwatch","twitter_misc":{"Tempo di lettura stimato":"9 minuti"},"schema":{"@context":"https:\/\/schema.org","@graph":[{"@type":"WebPage","@id":"https:\/\/www.gloniuz.com\/it\/contact\/","url":"https:\/\/www.gloniuz.com\/it\/contact\/","name":"CONTATTI - slow watches","isPartOf":{"@id":"https:\/\/fr.slow-watches.com\/fr\/#website"},"datePublished":"2016-07-04T15:07:32+00:00","dateModified":"2025-06-20T11:42:15+00:00","breadcrumb":{"@id":"https:\/\/www.gloniuz.com\/it\/contact\/#breadcrumb"},"inLanguage":"it-IT","potentialAction":[{"@type":"ReadAction","target":["https:\/\/www.gloniuz.com\/it\/contact\/"]}]},{"@type":"BreadcrumbList","@id":"https:\/\/www.gloniuz.com\/it\/contact\/#breadcrumb","itemListElement":[{"@type":"ListItem","position":1,"name":"Home","item":"https:\/\/de.slow-watches.com\/it\/"},{"@type":"ListItem","position":2,"name":"CONTATTI"}]},{"@type":"WebSite","@id":"https:\/\/fr.slow-watches.com\/fr\/#website","url":"https:\/\/fr.slow-watches.com\/fr\/","name":"slow watches","description":"","potentialAction":[{"@type":"SearchAction","target":{"@type":"EntryPoint","urlTemplate":"https:\/\/fr.slow-watches.com\/fr\/?s={search_term_string}"},"query-input":{"@type":"PropertyValueSpecification","valueRequired":true,"valueName":"search_term_string"}}],"inLanguage":"it-IT"}]}},"_links":{"self":[{"href":"https:\/\/www.gloniuz.com\/it\/wp-json\/wp\/v2\/pages\/15462","targetHints":{"allow":["GET"]}}],"collection":[{"href":"https:\/\/www.gloniuz.com\/it\/wp-json\/wp\/v2\/pages"}],"about":[{"href":"https:\/\/www.gloniuz.com\/it\/wp-json\/wp\/v2\/types\/page"}],"author":[{"embeddable":true,"href":"https:\/\/www.gloniuz.com\/it\/wp-json\/wp\/v2\/users\/1"}],"replies":[{"embeddable":true,"href":"https:\/\/www.gloniuz.com\/it\/wp-json\/wp\/v2\/comments?post=15462"}],"version-history":[{"count":9,"href":"https:\/\/www.gloniuz.com\/it\/wp-json\/wp\/v2\/pages\/15462\/revisions"}],"predecessor-version":[{"id":331034,"href":"https:\/\/www.gloniuz.com\/it\/wp-json\/wp\/v2\/pages\/15462\/revisions\/331034"}],"wp:attachment":[{"href":"https:\/\/www.gloniuz.com\/it\/wp-json\/wp\/v2\/media?parent=15462"}],"curies":[{"name":"wp","href":"https:\/\/api.w.org\/{rel}","templated":true}]}}